{"id":272,"date":"2023-05-16T10:55:10","date_gmt":"2023-05-16T10:55:10","guid":{"rendered":"https:\/\/es.audaxrenovables.com\/pt\/?page_id=272"},"modified":"2023-05-19T09:40:42","modified_gmt":"2023-05-19T09:40:42","slug":"tarifa-social-clientes-prioritarios-necessidades-especiais","status":"publish","type":"page","link":"https:\/\/www.audaxrenewables.pt\/en\/we-help-you\/social-rate-priority-customers-special-needs\/","title":{"rendered":"Priority and Special Needs Customers"},"content":{"rendered":"","protected":false},"excerpt":{"rendered":"","protected":false},"author":1,"featured_media":0,"parent":232,"menu_order":0,"comment_status":"closed","ping_status":"closed","template":"","meta":{"footnotes":""},"class_list":["post-272","page","type-page","status-publish","hentry"],"yoast_head":"<!-- This site is optimized with the Yoast SEO plugin v21.2 - https:\/\/yoast.com\/wordpress\/plugins\/seo\/ -->\n<title>Clientes Priorit\u00e1rios e com Necessidades Especiais - Audax Renewables<\/title>\n<meta name=\"robots\" content=\"index, follow, max-snippet:-1, max-image-preview:large, max-video-preview:-1\" \/>\n<link rel=\"canonical\" href=\"https:\/\/www.audaxrenewables.pt\/en\/we-help-you\/social-rate-priority-customers-special-needs\/\" \/>\n<meta property=\"og:locale\" content=\"en_GB\" \/>\n<meta property=\"og:type\" content=\"article\" \/>\n<meta property=\"og:title\" content=\"Clientes Priorit\u00e1rios e com Necessidades Especiais - Audax Renewables\" \/>\n<meta property=\"og:url\" content=\"https:\/\/www.audaxrenewables.pt\/en\/we-help-you\/social-rate-priority-customers-special-needs\/\" \/>\n<meta property=\"og:site_name\" content=\"Audax Renewables\" \/>\n<meta property=\"article:publisher\" content=\"https:\/\/www.facebook.com\/AudaxEnergiaPortugal\" \/>\n<meta property=\"article:modified_time\" content=\"2023-05-19T09:40:42+00:00\" \/>\n<meta property=\"og:image\" content=\"https:\/\/www.audaxrenewables.pt\/wp-content\/uploads\/2023\/07\/logo_international.png\" \/>\n\t<meta property=\"og:image:width\" content=\"221\" \/>\n\t<meta property=\"og:image:height\" content=\"144\" \/>\n\t<meta property=\"og:image:type\" content=\"image\/png\" \/>\n<meta name=\"twitter:card\" content=\"summary_large_image\" \/>\n<meta name=\"twitter:site\" content=\"@AudaxEnergiaPor\" \/>\n<!-- \/ Yoast SEO plugin. -->","yoast_head_json":{"title":"Clientes Priorit\u00e1rios e com Necessidades Especiais - Audax Renewables","robots":{"index":"index","follow":"follow","max-snippet":"max-snippet:-1","max-image-preview":"max-image-preview:large","max-video-preview":"max-video-preview:-1"},"canonical":"https:\/\/www.audaxrenewables.pt\/en\/we-help-you\/social-rate-priority-customers-special-needs\/","og_locale":"en_GB","og_type":"article","og_title":"Clientes Priorit\u00e1rios e com Necessidades Especiais - Audax Renewables","og_url":"https:\/\/www.audaxrenewables.pt\/en\/we-help-you\/social-rate-priority-customers-special-needs\/","og_site_name":"Audax Renewables","article_publisher":"https:\/\/www.facebook.com\/AudaxEnergiaPortugal","article_modified_time":"2023-05-19T09:40:42+00:00","og_image":[{"width":221,"height":144,"url":"https:\/\/www.audaxrenewables.pt\/wp-content\/uploads\/2023\/07\/logo_international.png","type":"image\/png"}],"twitter_card":"summary_large_image","twitter_site":"@AudaxEnergiaPor","schema":{"@context":"https:\/\/schema.org","@graph":[{"@type":"WebPage","@id":"https:\/\/www.audaxrenewables.pt\/ajudamos-te\/tarifa-social-clientes-prioritarios-necessidades-especiais\/","url":"https:\/\/www.audaxrenewables.pt\/ajudamos-te\/tarifa-social-clientes-prioritarios-necessidades-especiais\/","name":"Clientes Priorit\u00e1rios e com Necessidades Especiais - Audax Renewables","isPartOf":{"@id":"https:\/\/www.audaxrenewables.pt\/#website"},"datePublished":"2023-05-16T10:55:10+00:00","dateModified":"2023-05-19T09:40:42+00:00","breadcrumb":{"@id":"https:\/\/www.audaxrenewables.pt\/ajudamos-te\/tarifa-social-clientes-prioritarios-necessidades-especiais\/#breadcrumb"},"inLanguage":"en-GB","potentialAction":[{"@type":"ReadAction","target":["https:\/\/www.audaxrenewables.pt\/ajudamos-te\/tarifa-social-clientes-prioritarios-necessidades-especiais\/"]}]},{"@type":"BreadcrumbList","@id":"https:\/\/www.audaxrenewables.pt\/ajudamos-te\/tarifa-social-clientes-prioritarios-necessidades-especiais\/#breadcrumb","itemListElement":[{"@type":"ListItem","position":1,"name":"Portada","item":"https:\/\/www.audaxrenewables.pt\/"},{"@type":"ListItem","position":2,"name":"PRECISA DE AJUDA?","item":"https:\/\/www.audaxrenewables.pt\/ajudamos-te\/"},{"@type":"ListItem","position":3,"name":"Clientes Priorit\u00e1rios e com Necessidades Especiais"}]},{"@type":"WebSite","@id":"https:\/\/www.audaxrenewables.pt\/#website","url":"https:\/\/www.audaxrenewables.pt\/","name":"Audax Renewables","description":"Empresa independente dedicada \u00e0 produ\u00e7\u00e3o de energia el\u00e9trica a partir de fontes de energia 100% renov\u00e1veis","publisher":{"@id":"https:\/\/www.audaxrenewables.pt\/#organization"},"potentialAction":[{"@type":"SearchAction","target":{"@type":"EntryPoint","urlTemplate":"https:\/\/www.audaxrenewables.pt\/?s={search_term_string}"},"query-input":"required name=search_term_string"}],"inLanguage":"en-GB"},{"@type":"Organization","@id":"https:\/\/www.audaxrenewables.pt\/#organization","name":"Audax Renewables","url":"https:\/\/www.audaxrenewables.pt\/","logo":{"@type":"ImageObject","inLanguage":"en-GB","@id":"https:\/\/www.audaxrenewables.pt\/#\/schema\/logo\/image\/","url":"https:\/\/www.audaxrenewables.pt\/wp-content\/uploads\/2023\/07\/logo_international.png","contentUrl":"https:\/\/www.audaxrenewables.pt\/wp-content\/uploads\/2023\/07\/logo_international.png","width":221,"height":144,"caption":"Audax Renewables"},"image":{"@id":"https:\/\/www.audaxrenewables.pt\/#\/schema\/logo\/image\/"},"sameAs":["https:\/\/www.facebook.com\/AudaxEnergiaPortugal","https:\/\/twitter.com\/AudaxEnergiaPor","https:\/\/www.instagram.com\/audaxrenewables_pt\/","https:\/\/www.linkedin.com\/company\/audax-renewables-portugal\/"]}]}},"_links":{"self":[{"href":"https:\/\/www.audaxrenewables.pt\/en\/wp-json\/wp\/v2\/pages\/272","targetHints":{"allow":["GET"]}}],"collection":[{"href":"https:\/\/www.audaxrenewables.pt\/en\/wp-json\/wp\/v2\/pages"}],"about":[{"href":"https:\/\/www.audaxrenewables.pt\/en\/wp-json\/wp\/v2\/types\/page"}],"author":[{"embeddable":true,"href":"https:\/\/www.audaxrenewables.pt\/en\/wp-json\/wp\/v2\/users\/1"}],"replies":[{"embeddable":true,"href":"https:\/\/www.audaxrenewables.pt\/en\/wp-json\/wp\/v2\/comments?post=272"}],"version-history":[{"count":1,"href":"https:\/\/www.audaxrenewables.pt\/en\/wp-json\/wp\/v2\/pages\/272\/revisions"}],"predecessor-version":[{"id":273,"href":"https:\/\/www.audaxrenewables.pt\/en\/wp-json\/wp\/v2\/pages\/272\/revisions\/273"}],"up":[{"embeddable":true,"href":"https:\/\/www.audaxrenewables.pt\/en\/wp-json\/wp\/v2\/pages\/232"}],"wp:attachment":[{"href":"https:\/\/www.audaxrenewables.pt\/en\/wp-json\/wp\/v2\/media?parent=272"}],"curies":[{"name":"wp","href":"https:\/\/api.w.org\/{rel}","templated":true}]}}